{"id":17,"date":"2026-03-13T21:43:57","date_gmt":"2026-03-13T21:43:57","guid":{"rendered":"https:\/\/psicoterapeutajuanvasquez.com.co\/?page_id=17"},"modified":"2026-04-27T00:13:18","modified_gmt":"2026-04-27T05:13:18","slug":"inicio","status":"publish","type":"page","link":"https:\/\/psicoterapeutajuanvasquez.com.co\/","title":{"rendered":"Inicio"},"content":{"rendered":"\t\t<div data-elementor-type=\"wp-page\" data-elementor-id=\"17\" class=\"elementor elementor-17\">\n\t\t\t\t\t\t<section class=\"elementor-section elementor-top-section elementor-element elementor-element-359de864 elementor-section-content-middle elementor-section-full_width elementor-section-height-default elementor-section-height-default\" data-id=\"359de864\" data-element_type=\"section\" data-e-type=\"section\" data-settings=\"{&quot;background_background&quot;:&quot;classic&quot;}\">\n\t\t\t\t\t\t<div class=\"elementor-container elementor-column-gap-no\">\n\t\t\t\t\t<div class=\"elementor-column elementor-col-33 elementor-top-column elementor-element elementor-element-7354d58e\" data-id=\"7354d58e\" data-element_type=\"column\" data-e-type=\"column\">\n\t\t\t<div class=\"elementor-widget-wrap elementor-element-populated\">\n\t\t\t\t\t\t<div class=\"elementor-element elementor-element-4a8d84c elementor-widget__width-initial elementor-widget elementor-widget-image\" data-id=\"4a8d84c\" data-element_type=\"widget\" data-e-type=\"widget\" data-widget_type=\"image.default\">\n\t\t\t\t\t\t\t\t\t\t\t\t\t\t\t<img fetchpriority=\"high\" decoding=\"async\" width=\"322\" height=\"308\" src=\"https:\/\/psicoterapeutajuanvasquez.com.co\/wp-content\/uploads\/2026\/03\/Logo_transparente-1.png\" class=\"attachment-large size-large wp-image-73\" alt=\"\" srcset=\"https:\/\/psicoterapeutajuanvasquez.com.co\/wp-content\/uploads\/2026\/03\/Logo_transparente-1.png 322w, https:\/\/psicoterapeutajuanvasquez.com.co\/wp-content\/uploads\/2026\/03\/Logo_transparente-1-300x287.png 300w\" sizes=\"(max-width: 322px) 100vw, 322px\" \/>\t\t\t\t\t\t\t\t\t\t\t\t\t\t\t<\/div>\n\t\t\t\t<div class=\"elementor-element elementor-element-6f10c695 elementor-widget__width-initial elementor-hidden-mobile elementor-widget elementor-widget-text-editor\" data-id=\"6f10c695\" data-element_type=\"widget\" data-e-type=\"widget\" data-widget_type=\"text-editor.default\">\n\t\t\t\t\t\t\t\t\t<h5>PSICOTERAPEUTA<\/h5><p>Juan David V\u00e1squez Mar\u00edn<\/p>\t\t\t\t\t\t\t\t<\/div>\n\t\t\t\t\t<\/div>\n\t\t<\/div>\n\t\t\t\t<div class=\"elementor-column elementor-col-66 elementor-top-column elementor-element elementor-element-b23e8fb\" data-id=\"b23e8fb\" data-element_type=\"column\" data-e-type=\"column\">\n\t\t\t<div class=\"elementor-widget-wrap elementor-element-populated\">\n\t\t\t\t\t\t<div class=\"elementor-element elementor-element-6d474da3 elementor-widget__width-initial elementor-widget elementor-widget-jkit_nav_menu\" data-id=\"6d474da3\" data-element_type=\"widget\" data-e-type=\"widget\" data-widget_type=\"jkit_nav_menu.default\">\n\t\t\t\t\t<div  class=\"jeg-elementor-kit jkit-nav-menu break-point-tablet submenu-click-title jeg_module___69f1b288ca039\"  data-item-indicator=\"&lt;i aria-hidden=&quot;true&quot; class=&quot;jki jki-angle-down-solid&quot;&gt;&lt;\/i&gt;\"><button aria-label=\"open-menu\" class=\"jkit-hamburger-menu\"><i aria-hidden=\"true\" class=\"jki jki-menu1-light\"><\/i><\/button>\n        <div class=\"jkit-menu-wrapper\"><div class=\"jkit-menu-container\"><ul id=\"menu-orden\" class=\"jkit-menu jkit-menu-direction-flex jkit-submenu-position-right\"><li id=\"menu-item-384\" class=\"menu-item menu-item-type-post_type menu-item-object-page menu-item-home menu-item-384\"><a href=\"https:\/\/psicoterapeutajuanvasquez.com.co\/\">Inicio<\/a><\/li>\n<li id=\"menu-item-385\" class=\"menu-item menu-item-type-post_type menu-item-object-page menu-item-385\"><a href=\"https:\/\/psicoterapeutajuanvasquez.com.co\/index.php\/juan-david-vasquez-marin\/\">Juan David V\u00e1squez Mar\u00edn<\/a><\/li>\n<li id=\"menu-item-386\" class=\"menu-item menu-item-type-post_type menu-item-object-page menu-item-386\"><a href=\"https:\/\/psicoterapeutajuanvasquez.com.co\/index.php\/psicologia\/\">Psicologia<\/a><\/li>\n<li id=\"menu-item-387\" class=\"menu-item menu-item-type-post_type menu-item-object-page menu-item-387\"><a href=\"https:\/\/psicoterapeutajuanvasquez.com.co\/index.php\/elementor-365\/\">Contacto<\/a><\/li>\n<\/ul><\/div>\n            <div class=\"jkit-nav-identity-panel\">\n                <div class=\"jkit-nav-site-title\"><a href=\"https:\/\/psicoterapeutajuanvasquez.com.co\" class=\"jkit-nav-logo\" aria-label=\"Home Link\"><\/a><\/div>\n                <button aria-label=\"close-menu\" class=\"jkit-close-menu\"><i aria-hidden=\"true\" class=\"jki jki-times-solid\"><\/i><\/button>\n            <\/div>\n        <\/div>\n        <div class=\"jkit-overlay\"><\/div><\/div>\t\t\t\t<\/div>\n\t\t\t\t\t<\/div>\n\t\t<\/div>\n\t\t\t\t\t<\/div>\n\t\t<\/section>\n\t\t\t\t<\/div>\n\t\t","protected":false},"excerpt":{"rendered":"<p>PSICOTERAPEUTA Juan David V\u00e1squez Mar\u00edn Inicio Juan David V\u00e1squez Mar\u00edn Psicologia<\/p>\n","protected":false},"author":1,"featured_media":0,"parent":0,"menu_order":0,"comment_status":"closed","ping_status":"closed","template":"elementor_canvas","meta":{"footnotes":""},"class_list":["post-17","page","type-page","status-publish","hentry"],"_links":{"self":[{"href":"https:\/\/psicoterapeutajuanvasquez.com.co\/index.php\/wp-json\/wp\/v2\/pages\/17","targetHints":{"allow":["GET"]}}],"collection":[{"href":"https:\/\/psicoterapeutajuanvasquez.com.co\/index.php\/wp-json\/wp\/v2\/pages"}],"about":[{"href":"https:\/\/psicoterapeutajuanvasquez.com.co\/index.php\/wp-json\/wp\/v2\/types\/page"}],"author":[{"embeddable":true,"href":"https:\/\/psicoterapeutajuanvasquez.com.co\/index.php\/wp-json\/wp\/v2\/users\/1"}],"replies":[{"embeddable":true,"href":"https:\/\/psicoterapeutajuanvasquez.com.co\/index.php\/wp-json\/wp\/v2\/comments?post=17"}],"version-history":[{"count":28,"href":"https:\/\/psicoterapeutajuanvasquez.com.co\/index.php\/wp-json\/wp\/v2\/pages\/17\/revisions"}],"predecessor-version":[{"id":292,"href":"https:\/\/psicoterapeutajuanvasquez.com.co\/index.php\/wp-json\/wp\/v2\/pages\/17\/revisions\/292"}],"wp:attachment":[{"href":"https:\/\/psicoterapeutajuanvasquez.com.co\/index.php\/wp-json\/wp\/v2\/media?parent=17"}],"curies":[{"name":"wp","href":"https:\/\/api.w.org\/{rel}","templated":true}]}}